{"id":85,"date":"2014-07-30T11:30:21","date_gmt":"2014-07-30T11:30:21","guid":{"rendered":"http:\/\/motorporn.de\/wordpress\/?page_id=85"},"modified":"2019-05-16T20:48:52","modified_gmt":"2019-05-16T18:48:52","slug":"updates","status":"publish","type":"page","link":"https:\/\/motorporn.de\/wordpress\/updates\/","title":{"rendered":"Updates"},"content":{"rendered":"<p><span style=\"text-decoration: underline;\"><strong>16.05.2019<\/strong><\/span><\/p>\n<p>&#8211; Berichtigung\/Erg\u00e4nzung des Eintrages <a href=\"https:\/\/motorporn.de\/wordpress\/wartburg-353-1\/\">Wartburg &#8211; 353.1<\/a> (Gemischaufbereitung\/Typ)<br \/>\n&#8211; Berichtigung\/Erg\u00e4nzung des Eintrages <a href=\"https:\/\/motorporn.de\/wordpress\/opel-c36get\/\">Opel &#8211; C36GET<\/a> (Gemischaufbereitung\/Typ, zus\u00e4tzl. Informationen)<\/p>\n<p>Neuer Motor:<\/p>\n<p>&#8211; <a href=\"https:\/\/motorporn.de\/wordpress\/vincenzici-v6-52\/\" target=\"_blank\" rel=\"noopener noreferrer\">Vicenzi &amp; Ci. &#8211; V6-52<\/a><\/p>\n<hr \/>\n<p><span style=\"text-decoration: underline;\"><strong>02.04.2018<\/strong><\/span><\/p>\n<p>Neuer Motor:<\/p>\n<p>&#8211; <a href=\"https:\/\/motorporn.de\/wordpress\/ford-5-0l_ti-vct_v8_2018\/\" target=\"_blank\" rel=\"noopener noreferrer\">Ford \u2013 5.0L TI-VCT V8 (2018)<\/a><\/p>\n<hr \/>\n<p><span style=\"text-decoration: underline;\"><strong>25.02.2018<\/strong><\/span><\/p>\n<p>Neuer Motor:<\/p>\n<p>&#8211; <a href=\"https:\/\/motorporn.de\/wordpress\/audi-asj-azr\/\" target=\"_blank\" rel=\"noopener noreferrer\">Audi &#8211; ASJ\/AZR<\/a><\/p>\n<hr \/>\n<p><span style=\"text-decoration: underline;\"><strong>11.02.2018<\/strong><\/span><\/p>\n<p>Neuer Motor:<\/p>\n<p>&#8211; <a href=\"https:\/\/motorporn.de\/wordpress\/maserati-ottocilindri\" target=\"_blank\" rel=\"noopener noreferrer\">Maserati \u2013 Ottocilindri<\/a><\/p>\n<hr \/>\n<p><span style=\"text-decoration: underline;\"><strong>04.02.2018<\/strong><\/span><\/p>\n<p>Neuer Motor:<\/p>\n<p>&#8211; <a href=\"https:\/\/motorporn.de\/wordpress\/borgward-isabella-ts\/\" target=\"_blank\" rel=\"noopener noreferrer\">Borgward &#8211; Isabella TS<\/a><\/p>\n<hr \/>\n<p><span style=\"text-decoration: underline;\"><strong>28.01.2018<\/strong><\/span><\/p>\n<p>&#8211; Auf Wunsch f\u00fcgen wir den Namen des Bilderstellers und ein Link zu seiner Webseite\/eMail-Adresse ein.<\/p>\n<p>Neuer Motor:<\/p>\n<p>&#8211; <a title=\"VEB IFA Motorenwerke Nordhausen - 4 VD 14,5\/12-1 SRW\" href=\"https:\/\/motorporn.de\/wordpress\/veb-ifa-motorenwerke-nordhausen-4-vd-14512-1-srw\/\" target=\"_blank\" rel=\"noopener noreferrer\">VEB IFA Motorenwerke Nordhausen &#8211; 4 VD 14,5\/12-1 SRW<\/a><\/p>\n<hr \/>\n<p><span style=\"text-decoration: underline;\"><strong>19.11.2017<\/strong><\/span><\/p>\n<p>Neuer Motor:<\/p>\n<p>&#8211; <a title=\"Honda - CB125 K\/Disc\" href=\"https:\/\/motorporn.de\/wordpress\/honda-cb125-k-disc\" target=\"_blank\" rel=\"noopener noreferrer\">Honda &#8211; CB125 K\/Disc<\/a><\/p>\n<hr \/>\n<p><span style=\"text-decoration: underline;\"><strong>12.11.2017<\/strong><\/span><\/p>\n<p>Neuer Motor:<\/p>\n<p>&#8211;<a title=\"Deutz - MAH 914\" href=\"https:\/\/motorporn.de\/wordpress\/deutz-mah914\/\">\u00a0Deutz &#8211; MAH 914<\/a><\/p>\n<hr \/>\n<p><span style=\"text-decoration: underline;\"><strong>05.11.2017<\/strong><\/span><\/p>\n<p>&#8211; Neues Schlagwort Tuning f\u00fcr getunte Motoren die von Tuningfirmen in Serie hergestellt wurden.<\/p>\n<p>Neuer Motor:<\/p>\n<p>&#8211; <a href=\"https:\/\/motorporn.de\/wordpress\/opel-13sh-irmscher\/\" target=\"_blank\" rel=\"noopener noreferrer\">Opel &#8211; 13SH (Irmscher)<\/a><\/p>\n<hr \/>\n<p><span style=\"text-decoration: underline;\"><strong>29.10.2017<\/strong><\/span><\/p>\n<p>Neuer Motor:<\/p>\n<p>&#8211; <a title=\"Stihl - 028AV\" href=\"https:\/\/motorporn.de\/wordpress\/stihl-028av\" target=\"_blank\" rel=\"noopener noreferrer\">Stihl &#8211; 028AV<\/a><\/p>\n<hr \/>\n<p><span style=\"text-decoration: underline;\"><strong>21.10.2017<\/strong><\/span><\/p>\n<p>Neuer Motor:<\/p>\n<p>&#8211; <a title=\"Honda - SH50\" href=\"https:\/\/motorporn.de\/wordpress\/honda-sh50\" target=\"_blank\" rel=\"noopener noreferrer\">Honda &#8211; SH50<\/a><\/p>\n<hr \/>\n<p><span style=\"text-decoration: underline;\"><strong>15.10.2017<\/strong><\/span><\/p>\n<p>Neuer Motor:<\/p>\n<p>&#8211; <a title=\"\u0160koda - 120\/125 (Typ 742)\" href=\"https:\/\/motorporn.de\/wordpress\/skoda-120125-typ-742\/\">\u0160koda &#8211; 120\/125 (Typ 742)<\/a><\/p>\n<hr \/>\n<p><span style=\"text-decoration: underline;\"><strong>08.10.2017<\/strong><\/span><\/p>\n<p>Neuer Motor:<\/p>\n<p>&#8211; <a title=\"MTU - 16V 4000 (R40\/R41)\" href=\"https:\/\/motorporn.de\/wordpress\/mtu-16v-4000-r40r41\/\" rel=\"noopener\">MTU &#8211; 16V 4000 (R40\/R41)<\/a><\/p>\n<hr \/>\n<p><span style=\"text-decoration: underline;\"><strong>01.10.2017<\/strong><\/span><\/p>\n<p>Neuer Motor:<\/p>\n<p>&#8211; <a title=\"Opel - 16SH\" href=\"https:\/\/motorporn.de\/wordpress\/opel-16sh\" target=\"_blank\" rel=\"noopener noreferrer\">Opel &#8211; 16SH<\/a><\/p>\n<hr \/>\n<p><span style=\"text-decoration: underline;\"><strong>24.09.2017<\/strong><\/span><\/p>\n<p>&#8211; Erg\u00e4nzung aller Motoren mit einem lambdageregelten Katalysator und neues Schlagwort &#8222;Katalysator&#8220;.<\/p>\n<p>Neuer Motor:<\/p>\n<p>&#8211; <a title=\"VW \u2013 AAA\" href=\"https:\/\/motorporn.de\/wordpress\/vw-aaa\">VW \u2013 AAA<\/a><\/p>\n<hr \/>\n<p><span style=\"text-decoration: underline;\"><strong>17.09.2017<\/strong><\/span><\/p>\n<p>Neuer Motor:<\/p>\n<p>&#8211; <a title=\"Mercedes-Benz - M111 (E20)\" href=\"https:\/\/motorporn.de\/wordpress\/mercedes-benz-m-111-e-20\/\" target=\"_blank\" rel=\"noopener noreferrer\">Mercedes-Benz &#8211; M111 (E20)<\/a><\/p>\n<hr \/>\n<p><span style=\"text-decoration: underline;\"><strong>10.09.2017<\/strong><\/span><\/p>\n<p>Neuer Motor:<\/p>\n<p>&#8211; <a title=\"VW - 1Z\" href=\"https:\/\/motorporn.de\/wordpress\/vw-1z\/\">VW &#8211; 1Z<\/a><\/p>\n<hr \/>\n<p><span style=\"text-decoration: underline;\"><strong>03.09.2017<\/strong><\/span><\/p>\n<p>Neuer Motor:<\/p>\n<p>&#8211; <a title=\"Minarelli - MY50\" href=\"https:\/\/motorporn.de\/wordpress\/minarelli-my50\/\">Minarelli &#8211; MY50<\/a><\/p>\n<hr \/>\n<p><span style=\"text-decoration: underline;\"><strong>27.08.2017<\/strong><\/span><\/p>\n<p>Neuer Motor:<\/p>\n<p>&#8211; <a title=\"VW \u2013 ABF\" href=\"https:\/\/motorporn.de\/wordpress\/vw-abf\/\">VW &#8211; ABF<\/a><\/p>\n<hr \/>\n<p><span style=\"text-decoration: underline;\"><strong>19.08.2017<\/strong><\/span><\/p>\n<p>Neuer Motor:<\/p>\n<p>&#8211; <a href=\"https:\/\/motorporn.de\/wordpress\/renault-d7f\/\">Renault &#8211; D7F<\/a><\/p>\n<hr \/>\n<p><span style=\"text-decoration: underline;\"><strong>13.08.2017<\/strong><\/span><\/p>\n<p>Neuer Motor:<\/p>\n<p>&#8211; <a title=\"VW \u2013 RE\" href=\"https:\/\/motorporn.de\/wordpress\/vw-re\/\">VW &#8211; RE<\/a><\/p>\n<hr \/>\n<p><span style=\"text-decoration: underline;\"><strong>06.08.2017<\/strong><\/span><\/p>\n<p>Neuer Motor:<\/p>\n<p>&#8211; <a title=\"VW \u2013 ADD\" href=\"https:\/\/motorporn.de\/wordpress\/vw-add\/\">VW &#8211; ADD<\/a><\/p>\n<hr \/>\n<p><span style=\"text-decoration: underline;\"><strong>30.07.2017<\/strong><\/span><\/p>\n<p>Neuer Motor:<\/p>\n<p>&#8211; <a title=\"VW \u2013 1H\" href=\"https:\/\/motorporn.de\/wordpress\/vw-1h\">VW &#8211; 1H<\/a><\/p>\n<hr \/>\n<p><span style=\"text-decoration: underline;\"><strong>23.07.2017<\/strong><\/span><\/p>\n<p>&#8211; Berichtigung\/Erg\u00e4nzung des Eintrages <a href=\"https:\/\/motorporn.de\/wordpress\/zakspeed-1-5-l4t\/\">Zakspeed &#8211; 1,5 L4t<\/a> (Gemischaufbereitung\/Typ, Leistung &amp; Bauzeit)<\/p>\n<p>Neuer Motor:<\/p>\n<p>&#8211; <a title=\"Mercedes-Benz - M 111 (E 22)\" href=\"https:\/\/motorporn.de\/wordpress\/mercedes-benz-m-111-e-22\/\" target=\"_blank\" rel=\"noopener noreferrer\">Mercedes-Benz &#8211; M 111 (E 22)<\/a><\/p>\n<hr \/>\n<p><span style=\"text-decoration: underline;\"><strong>16.07.2017<\/strong><\/span><\/p>\n<p>&#8211; Motoren bei denen Videos vorhanden sind, sind nun mit dem Schlagwort &#8222;mit Video&#8220; versehen.<\/p>\n<p>Neuer Motor:<\/p>\n<p>&#8211; <a title=\"Sachs - KM 48\" href=\"https:\/\/motorporn.de\/wordpress\/sachs-km-48\/\" target=\"_blank\" rel=\"noopener noreferrer\">Sachs &#8211; KM 48<\/a><\/p>\n<hr \/>\n<p><span style=\"text-decoration: underline;\"><strong>08.07.2017<\/strong><\/span><\/p>\n<p>&#8211; Das Drucken und das Erstellen eines PDFs ist nun m\u00f6glich. Einfach auf den Button &#8222;Print&#8220; am Ende jeder Motorseite klicken<\/p>\n<p>Neuer Motor:<\/p>\n<p>&#8211; <a title=\"Nissan - RB25DET\" href=\"https:\/\/motorporn.de\/wordpress\/nissan-rb25det\/\" target=\"_blank\" rel=\"noopener noreferrer\">Nissan &#8211; RB25DET<\/a><\/p>\n<hr \/>\n<p><span style=\"text-decoration: underline;\"><strong>01.07.2017<\/strong><\/span><\/p>\n<p>Neuer Motor:<\/p>\n<p>&#8211; <a title=\"Wartburg - 353.1\" href=\"https:\/\/motorporn.de\/wordpress\/wartburg-353-1\/\" target=\"_blank\" rel=\"noopener noreferrer\">Wartburg &#8211; 353.1<\/a><\/p>\n<hr \/>\n<p><span style=\"text-decoration: underline;\"><strong>23.06.2017<\/strong><\/span><\/p>\n<p>Neuer Motor:<\/p>\n<p>&#8211; <a title=\"VW - AVY\" href=\"https:\/\/motorporn.de\/wordpress\/vw-avy\" target=\"_blank\" rel=\"noopener noreferrer\">VW &#8211; AVY<\/a><\/p>\n<hr \/>\n<p><span style=\"text-decoration: underline;\"><strong>18.06.2017<\/strong><\/span><\/p>\n<p>Neuer Motor:<\/p>\n<p>&#8211; <a title=\"Cummins \u2013 5,9L ISB\" href=\"https:\/\/motorporn.de\/wordpress\/cummins-59l-isb\" target=\"_blank\" rel=\"noopener noreferrer\">Cummins \u2013 5,9L ISB<\/a><\/p>\n<hr \/>\n<p><span style=\"text-decoration: underline;\"><strong>07.01.2017<\/strong><\/span><\/p>\n<p>Neuer Motor:<\/p>\n<p>&#8211; <a title=\"Rolls-Royce - Griffon II 88\" href=\"https:\/\/motorporn.de\/wordpress\/?p=497\" target=\"_blank\" rel=\"noopener noreferrer\">Rolls-Royce &#8211; Griffon II 88<\/a><\/p>\n<hr \/>\n<p><span style=\"text-decoration: underline;\"><strong>31.12.2016:<\/strong><\/span><\/p>\n<p>Neuer Motor:<\/p>\n<p>&#8211; <a title=\"VW - AAU\" href=\"https:\/\/motorporn.de\/wordpress\/?p=495\" target=\"_blank\" rel=\"noopener noreferrer\">VW &#8211; AAU<\/a><\/p>\n<hr \/>\n<p><span style=\"text-decoration: underline;\"><strong>11.11.2016:<\/strong><\/span><\/p>\n<p>Neuer Motor:<\/p>\n<p>&#8211; <a title=\"Mitsubishi - 6G72 (SOHC 24V)\" href=\"https:\/\/motorporn.de\/wordpress\/?p=486\" target=\"_blank\" rel=\"noopener noreferrer\">Mitsubishi &#8211; 6G72 (SOHC 24V)<\/a><\/p>\n<hr \/>\n<p><span style=\"text-decoration: underline;\"><strong>01.11.2016:<\/strong><\/span><\/p>\n<p>&#8211; Neues Bild f\u00fcr Eintrag <a title=\"Sachs \u2013 KC 27\" href=\"https:\/\/motorporn.de\/wordpress\/?p=206\" target=\"_blank\" rel=\"noopener noreferrer\">Sachs \u2013 KC 27<\/a> .<\/p>\n<p>Neuer Motor:<\/p>\n<p>&#8211; <a title=\"Mercedes-Benz - OM 138\" href=\"https:\/\/motorporn.de\/wordpress\/?p=478\" target=\"_blank\" rel=\"noopener noreferrer\">Mercedes-Benz &#8211; OM 138<\/a><\/p>\n<hr \/>\n<p><span style=\"text-decoration: underline;\"><strong>22.10.2016:<\/strong><\/span><\/p>\n<p>&#8211; Berichtigung\/Erg\u00e4nzung des Eintrages <a title=\"Audi - WH\" href=\"https:\/\/motorporn.de\/wordpress\/?p=423\" target=\"_blank\" rel=\"noopener noreferrer\">Audi &#8211; WH<\/a> (Kraftstoff, Nm, U\/min bei Nm und PS, St\u00fcckzahl im Typ 44).<\/p>\n<p>Neuer Motor:<\/p>\n<p>&#8211; <a title=\"VW - 3F\" href=\"https:\/\/motorporn.de\/wordpress\/?p=460\" target=\"_blank\" rel=\"noopener noreferrer\">VW &#8211; 3F<\/a><\/p>\n<hr \/>\n<p><span style=\"text-decoration: underline;\"><strong>28.08.2016:<\/strong><\/span><\/p>\n<p>Neuer Motor:<\/p>\n<p>&#8211; <a title=\"Opel - X16XEL\" href=\"https:\/\/motorporn.de\/wordpress\/?p=455\" target=\"_blank\" rel=\"noopener noreferrer\">Opel &#8211; X16XEL<\/a><\/p>\n<hr \/>\n<p><span style=\"text-decoration: underline;\"><strong>11.04.2016:<\/strong><\/span><\/p>\n<p>Neue Motoren:<\/p>\n<p>&#8211; <a title=\"Audi - WH\" href=\"https:\/\/motorporn.de\/wordpress\/?p=423\" target=\"_blank\" rel=\"noopener noreferrer\">Audi &#8211; WH<\/a><br \/>\n&#8211; <a title=\"Audi - WH (712)\" href=\"https:\/\/motorporn.de\/wordpress\/?p=441\" target=\"_blank\" rel=\"noopener noreferrer\">Audi &#8211; WH (712)<\/a><\/p>\n<hr \/>\n<p><span style=\"text-decoration: underline;\"><strong>17.01.2016:<\/strong><\/span><\/p>\n<p>Neuer Motor:<\/p>\n<p>&#8211; <a title=\"Audi - AAH\" href=\"https:\/\/motorporn.de\/wordpress\/?p=403\" target=\"_blank\" rel=\"noopener noreferrer\">Audi &#8211; AAH<\/a><\/p>\n<hr \/>\n<p><span style=\"text-decoration: underline;\"><strong>02.01.2016:<\/strong><\/span><\/p>\n<p>Neuer Motor:<\/p>\n<p>&#8211; <a title=\"Opel - C20GET\" href=\"https:\/\/motorporn.de\/wordpress\/?p=426\" target=\"_blank\" rel=\"noopener noreferrer\">Opel &#8211; C20GET<\/a><\/p>\n<hr \/>\n<p><span style=\"text-decoration: underline;\"><strong>25.12.2015:<\/strong><\/span><\/p>\n<p>Ihr k\u00f6nnt ab sofort direkt aus dem Men\u00fc zu unserer <a title=\"Facebook-Seite\" href=\"http:\/\/facebook.de\/motorpornde\" target=\"_blank\" rel=\"noopener noreferrer\">Facebook-Seite<\/a> wechseln, ausserdem gibt es f\u00fcr unsere Fans aus dem Ausland eine Google-\u00dcbersetzter-Funktion, die den Grossteil der Seite in fast jede Sprache \u00fcbersetzen kann<\/p>\n<p>Neuer Motor:<\/p>\n<p>&#8211; <a title=\"VW \u2013 DT\" href=\"https:\/\/motorporn.de\/wordpress\/?p=405\" target=\"_blank\" rel=\"noopener noreferrer\">VW &#8211; DT<\/a><\/p>\n<hr \/>\n<p><span style=\"text-decoration: underline;\"><strong>16.12.2015:<\/strong><\/span><\/p>\n<p>Neuer Motor:<\/p>\n<p>&#8211; <a title=\"Maybach - GTO 6\" href=\"https:\/\/motorporn.de\/wordpress\/?p=363\" target=\"_blank\" rel=\"noopener noreferrer\">Maybach &#8211; GTO 6<\/a><\/p>\n<hr \/>\n<p><span style=\"text-decoration: underline;\"><strong>09.12.2015:<\/strong><\/span><\/p>\n<p>Neuer Motor:<\/p>\n<p>&#8211; <a title=\"Opel \u2013 C30NE\/1\" href=\"https:\/\/motorporn.de\/wordpress\/?p=369\" target=\"_blank\" rel=\"noopener noreferrer\">Opel &#8211; C30NE\/1<\/a><\/p>\n<hr \/>\n<p><span style=\"text-decoration: underline;\"><strong>03.12.2015:<\/strong><\/span><\/p>\n<p>Neuer Motor:<\/p>\n<p>&#8211; <a href=\"https:\/\/motorporn.de\/wordpress\/?p=388\" target=\"_blank\" rel=\"noopener noreferrer\">Zakspeed \u2013 1.5 L4t<\/a><\/p>\n<hr \/>\n<p><span style=\"text-decoration: underline;\"><strong>28.11.2015:<\/strong><\/span><\/p>\n<p>Neuer Motor:<\/p>\n<p>&#8211; <a href=\"https:\/\/motorporn.de\/wordpress\/?p=378\" target=\"_blank\" rel=\"noopener noreferrer\">VW &#8211; 1W<\/a><\/p>\n<hr \/>\n<p><span style=\"text-decoration: underline;\"><strong>17.11.2015:<\/strong><\/span><\/p>\n<p>Neuer Motor:<\/p>\n<p>&#8211; <a href=\"https:\/\/motorporn.de\/wordpress\/?p=360\" target=\"_blank\" rel=\"noopener noreferrer\">Maybach &#8211; W2<\/a><\/p>\n<hr \/>\n<p><span style=\"text-decoration: underline;\"><strong>10.11.2015:<\/strong><\/span><\/p>\n<p>Neuer Motor:<\/p>\n<p>&#8211; <a href=\"https:\/\/motorporn.de\/wordpress\/?p=354\" target=\"_blank\" rel=\"noopener noreferrer\">VW &#8211; ADZ<\/a><\/p>\n<hr \/>\n<p><span style=\"text-decoration: underline;\"><strong>26.08.2015:<\/strong><\/span><\/p>\n<p>Neuer Motor:<\/p>\n<p>&#8211; <a href=\"https:\/\/motorporn.de\/wordpress\/?p=345\" target=\"_blank\" rel=\"noopener noreferrer\">Maybach &#8211; MD 650<\/a><\/p>\n<hr \/>\n<p><span style=\"text-decoration: underline;\"><strong>24.12.2014:<\/strong><\/span><\/p>\n<p>Neuer Motor:<\/p>\n<p>&#8211; <a href=\"https:\/\/motorporn.de\/wordpress\/?p=319\" target=\"_blank\" rel=\"noopener noreferrer\">Daimler-Benz &#8211; M115<\/a><\/p>\n<hr \/>\n<p><span style=\"text-decoration: underline;\"><strong><br \/>\n11.12.2014:<\/strong><\/span><\/p>\n<p>Neuer Motor:<\/p>\n<p><a href=\"https:\/\/motorporn.de\/wordpress\/?p=312\" target=\"_blank\" rel=\"noopener noreferrer\">&#8211; BMW &#8211; M50 B20<\/a><\/p>\n<hr \/>\n<p><span style=\"text-decoration: underline;\"><strong><br \/>\n22.11.2014:<\/strong><\/span><\/p>\n<p>Neuer Motor:<\/p>\n<p><a href=\"https:\/\/motorporn.de\/wordpress\/?p=326\">&#8211; Jaguar &#8211; S-Type 3.8s<\/a><\/p>\n<hr \/>\n<p><span style=\"text-decoration: underline;\"><strong>14.11.2014:<\/strong><\/span><\/p>\n<p>Neuer Motor:<\/p>\n<p><a title=\"Piaggio \u2013 ATM2M\" href=\"https:\/\/motorporn.de\/wordpress\/?p=315\" target=\"_blank\" rel=\"noopener noreferrer\">&#8211; Piaggio &#8211; ATM2M<\/a><\/p>\n<hr \/>\n<p>&nbsp;<\/p>\n<p><span style=\"text-decoration: underline;\"><strong>28.10.2014:<\/strong><\/span><\/p>\n<p>Neuer Motor:<\/p>\n<p>&#8211;<a title=\"Opel C20NE\" href=\"https:\/\/motorporn.de\/wordpress\/?p=308\" target=\"_blank\" rel=\"noopener noreferrer\">Opel &#8211; C20NE<\/a><\/p>\n<hr \/>\n<p><span style=\"text-decoration: underline;\"><strong>06.10.2014:<\/strong><\/span><\/p>\n<p>Neuer Motor:<\/p>\n<p>&#8211;<a title=\"Porsche M96\/01\" href=\"https:\/\/motorporn.de\/wordpress\/?p=301\" target=\"_blank\" rel=\"noopener noreferrer\"> Porsche &#8211; M96\/01<\/a><\/p>\n<hr \/>\n<p>&nbsp;<\/p>\n<p><strong><span style=\"text-decoration: underline;\">11.08.2014:<\/span><\/strong><\/p>\n<p>Neue Motoren:<\/p>\n<p>&#8211; <a title=\"Fichtel &amp; Sachs \u2013 SB 151 A\" href=\"https:\/\/motorporn.de\/wordpress\/?p=272\" target=\"_blank\" rel=\"noopener noreferrer\">Fichtel &amp; Sachs &#8211; SB 151 A<\/a><\/p>\n<p>&#8211; <a title=\"Stihl \u2013 08s\" href=\"https:\/\/motorporn.de\/wordpress\/?p=279\" target=\"_blank\" rel=\"noopener noreferrer\">Stihl &#8211; 08 S<\/a><\/p>\n<hr \/>\n<p>&nbsp;<\/p>\n<p><span style=\"text-decoration: underline;\"><strong>08.08.2014:<\/strong><\/span><\/p>\n<p>Neue Motoren:<\/p>\n<p>&#8211; <a title=\"BMW \u2013 404B\" href=\"https:\/\/motorporn.de\/wordpress\/?p=260\" target=\"_blank\" rel=\"noopener noreferrer\">BMW &#8211; 404B<\/a><\/p>\n<p>&#8211; <a href=\"https:\/\/motorporn.de\/wordpress\/?p=268\" target=\"_blank\" rel=\"noopener noreferrer\">Yanmar L100AE <\/a><\/p>\n<hr \/>\n<p>&nbsp;<\/p>\n<p><span style=\"text-decoration: underline;\"><strong>07.08.2014:<\/strong><\/span><\/p>\n<p>Neue Motoren:<\/p>\n<p>&#8211; <a title=\"MTU \u2013 MB 838 CaM500\" href=\"https:\/\/motorporn.de\/wordpress\/?p=276\" target=\"_blank\" rel=\"noopener noreferrer\">MTU &#8211; MB 838 CaM500<\/a><\/p>\n<p>&#8211; <a title=\"Fichtel &amp; Sachs \u2013 D500W\" href=\"https:\/\/motorporn.de\/wordpress\/?p=263\" target=\"_blank\" rel=\"noopener noreferrer\">Fichtel &amp; Sachs &#8211; D500W<\/a><\/p>\n<p>&nbsp;<\/p>\n<hr \/>\n<p>&nbsp;<\/p>\n<p><span style=\"text-decoration: underline;\"><strong>06.08.2014:<\/strong><\/span><\/p>\n<p>Neue Motoren:<\/p>\n<p>&#8211; <a href=\"https:\/\/motorporn.de\/wordpress\/?p=253\" target=\"_blank\" rel=\"noopener noreferrer\">Audi &#8211; ABC<\/a><\/p>\n<p>&#8211; <a href=\"https:\/\/motorporn.de\/wordpress\/?p=255\" target=\"_blank\" rel=\"noopener noreferrer\">BMW &#8211; 403<\/a><\/p>\n<hr \/>\n<p>&nbsp;<\/p>\n<p><span style=\"text-decoration: underline;\"><strong>05.08.2014:<\/strong><\/span><\/p>\n<p>Neue Motoren:<\/p>\n<p><a href=\"https:\/\/motorporn.de\/wordpress\/?p=228\" target=\"_blank\" rel=\"noopener noreferrer\">&#8211; DeLorean &#8211; DMC-12<\/a><\/p>\n<p><a href=\"https:\/\/motorporn.de\/wordpress\/?p=249\" target=\"_blank\" rel=\"noopener noreferrer\">&#8211; MAN Schiffsdiesel &#8211; <\/a><\/p>\n<hr \/>\n<p>&nbsp;<\/p>\n<p><span style=\"text-decoration: underline;\"><strong>04.08.2014:<\/strong><\/span><\/p>\n<p>&#8211; Berichtigung\/Erg\u00e4nzung des Eintrages\u00a0<a title=\"VW \u2013 JN\" href=\"https:\/\/motorporn.de\/wordpress\/?p=42\" target=\"_blank\" rel=\"noopener noreferrer\">VW &#8211; JN<\/a> (mech. Einspritzung, Bauzeit im Audi 80 B3).<\/p>\n<p>&#8211; Einbindung eines Formulars unter <a title=\"kann ich helfen?\" href=\"https:\/\/motorporn.de\/wordpress\/?page_id=80\" target=\"_blank\" rel=\"noopener noreferrer\">kann ich helfen?<\/a>. Nun k\u00f6nnt ihr bequem Updates oder Neueintr\u00e4ge an uns \u00fcbermitteln<\/p>\n<p>&nbsp;<\/p>\n<p>Neue Motoren:<\/p>\n<p>&#8211; <a href=\"https:\/\/motorporn.de\/wordpress\/?p=200\" target=\"_blank\" rel=\"noopener noreferrer\">Opel &#8211; 13N<\/a><\/p>\n<p>&#8211; <a href=\"https:\/\/motorporn.de\/wordpress\/?p=202\" target=\"_blank\" rel=\"noopener noreferrer\">Opel &#8211; C36GET<\/a><\/p>\n<p>&#8211; <a href=\"https:\/\/motorporn.de\/wordpress\/?p=209\" target=\"_blank\" rel=\"noopener noreferrer\">Suzuki &#8211; RE 5<\/a><\/p>\n<hr \/>\n<p>&nbsp;<\/p>\n<p><span style=\"text-decoration: underline;\"><strong>02.08.2014:<\/strong><\/span><\/p>\n<p>Neue Motoren:<\/p>\n<p>&#8211; <a href=\"https:\/\/motorporn.de\/wordpress\/?p=204\" target=\"_blank\" rel=\"noopener noreferrer\">BMW &#8211; S14 B23<\/a><\/p>\n<p>&#8211; <a href=\"https:\/\/motorporn.de\/wordpress\/?p=206\" target=\"_blank\" rel=\"noopener noreferrer\">Sachs &#8211; KC27<\/a><\/p>\n<p>&#8211; <a href=\"https:\/\/motorporn.de\/wordpress\/?p=197\" target=\"_blank\" rel=\"noopener noreferrer\">Opel &#8211; C14NZ<\/a><\/p>\n<hr \/>\n<p>&nbsp;<\/p>\n<p><span style=\"text-decoration: underline;\"><strong>01.08.2014:<\/strong><\/span><\/p>\n<p>Ab sofort gibt es einen <a title=\"Index\" href=\"https:\/\/motorporn.de\/wordpress\/?page_id=186\">Index <\/a>bei MotorPorn.de. Hier findet ihr alle vorgestellten Motoren nach Hersteller sortiert<\/p>\n<p>Neue Motoren:<\/p>\n<p>&#8211; <a title=\"Alpine \u2013 A610\" href=\"https:\/\/motorporn.de\/wordpress\/?p=180\" target=\"_blank\" rel=\"noopener noreferrer\">Alpine A610<\/a><\/p>\n<p>&#8211; <a title=\"Volvo \u2013 B20A\" href=\"https:\/\/motorporn.de\/wordpress\/?p=118\" target=\"_blank\" rel=\"noopener noreferrer\">Volvo B20A<\/a><\/p>\n<p>&#8211; <a title=\"NSU \u2013 TT\" href=\"https:\/\/motorporn.de\/wordpress\/?p=172\" target=\"_blank\" rel=\"noopener noreferrer\">NSU &#8211; TT<\/a><\/p>\n<hr \/>\n<p><span style=\"text-decoration: underline;\"><strong><br \/>\n31.07.2014:<\/strong><\/span><\/p>\n<p>Start der MotorPorn.de &#8211; Facebookseite. Ihr erreicht uns unter der URL <a href=\"https:\/\/www.facebook.com\/motorpornde\" target=\"_blank\" rel=\"noopener noreferrer\">https:\/\/www.facebook.com\/motorpornde<\/a>. Abonniert unsere Seite um keine Updates bei MotorPorn.de mehr zu verpassen.<\/p>\n<p>Neue Motoren:<\/p>\n<p>&#8211; <a title=\"Daimler-Benz \u2013 DB 605A\" href=\"https:\/\/motorporn.de\/wordpress\/?p=125\" target=\"_blank\" rel=\"noopener noreferrer\">Daimler-Benz &#8211; DB 605A<\/a><\/p>\n<p>&#8211; <a title=\"BMW \u2013 VI\" href=\"https:\/\/motorporn.de\/wordpress\/?p=149\" target=\"_blank\" rel=\"noopener noreferrer\">BMW &#8211; VI<\/a><\/p>\n<p>&#8211; <a title=\"Swesda \u2013 M503\" href=\"https:\/\/motorporn.de\/wordpress\/?p=162\" target=\"_blank\" rel=\"noopener noreferrer\">Swesda &#8211; M503<\/a><\/p>\n<p>&#8211; <a title=\"Packard \u2013 4M-2500\" href=\"https:\/\/motorporn.de\/wordpress\/?p=167\" target=\"_blank\" rel=\"noopener noreferrer\">Packard &#8211; 4M-2500<\/a><\/p>\n<hr \/>\n<p><span style=\"text-decoration: underline;\"><strong><br \/>\n30.07.2014:<\/strong><\/span><\/p>\n<p>Anpassung an der Seite (<a title=\"Was ist MotorPorn.de?\" href=\"https:\/\/motorporn.de\/wordpress\/?page_id=9\" target=\"_blank\" rel=\"noopener noreferrer\">Was ist MotorPorn.de?<\/a>, <a title=\"Updates\" href=\"https:\/\/motorporn.de\/wordpress\/?page_id=85\" target=\"_blank\" rel=\"noopener noreferrer\">Updates<\/a>, <a title=\"Reklame\" href=\"https:\/\/motorporn.de\/wordpress\/?page_id=92\" target=\"_blank\" rel=\"noopener noreferrer\">Reklame<\/a>, <a title=\"kann ich helfen?\" href=\"https:\/\/motorporn.de\/wordpress\/?page_id=80\" target=\"_blank\" rel=\"noopener noreferrer\">kann ich helfen?<\/a>)<\/p>\n<p>Neue Motoren:<\/p>\n<p>&#8211; <a title=\"VW \u2013 JN\" href=\"https:\/\/motorporn.de\/wordpress\/?p=42\" target=\"_blank\" rel=\"noopener noreferrer\">VW &#8211; JN<\/a><\/p>\n<p>&#8211; <a title=\"Opel \u2013 X25XE\" href=\"https:\/\/motorporn.de\/wordpress\/?p=58\" target=\"_blank\" rel=\"noopener noreferrer\">Opel &#8211; X25XE<\/a><\/p>\n<p>&#8211; <a title=\"Pontiac \u2013 Iron Duke (Tech IV)\" href=\"https:\/\/motorporn.de\/wordpress\/?p=54\" target=\"_blank\" rel=\"noopener noreferrer\">Pontiac &#8211; Iron Duke (Tech IV)<\/a><\/p>\n<p>&#8211; <a title=\"Suzuki \u2013 G13A\" href=\"https:\/\/motorporn.de\/wordpress\/?p=56\" target=\"_blank\" rel=\"noopener noreferrer\">Suzuki &#8211; G13A<\/a><\/p>\n<p>&#8211; <a title=\"VW \u2013 PN\" href=\"https:\/\/motorporn.de\/wordpress\/?p=52\" target=\"_blank\" rel=\"noopener noreferrer\">VW &#8211; PN<\/a><\/p>\n<p>&#8211; <a title=\"VW \u2013 GX\" href=\"https:\/\/motorporn.de\/wordpress\/?p=111\" target=\"_blank\" rel=\"noopener noreferrer\">VW &#8211; GX<\/a><\/p>\n<hr \/>\n<p><span style=\"text-decoration: underline;\"><strong>28.07.2014:<\/strong><\/span><\/p>\n<p>Neuer Motor:<\/p>\n<p>&#8211; <a title=\"Deutz MAH 711\" href=\"https:\/\/motorporn.de\/wordpress\/?p=26\" target=\"_blank\" rel=\"noopener noreferrer\">Deutz MAH 711<\/a><\/p>\n","protected":false},"excerpt":{"rendered":"<p>16.05.2019 &#8211; Berichtigung\/Erg\u00e4nzung des Eintrages Wartburg &#8211; 353.1 (Gemischaufbereitung\/Typ) &#8211; Berichtigung\/Erg\u00e4nzung des Eintrages Opel &#8211; C36GET (Gemischaufbereitung\/Typ, zus\u00e4tzl. Informationen) Neuer Motor: &#8211; Vicenzi &amp; Ci. &#8211; V6-52 02.04.2018 Neuer Motor: &#8211; Ford \u2013 5.0L TI-VCT V8 (2018) 25.02.2018 Neuer Motor: &#8211; Audi &#8211; ASJ\/AZR 11.02.2018 Neuer Motor: &#8211; Maserati \u2013 Ottocilindri 04.02.2018 Neuer Motor: &#8211; Borgward &#8211; Isabella TS 28.01.2018 &#8211; Auf Wunsch f\u00fcgen wir den Namen des Bilderstellers und ein Link zu seiner Webseite\/eMail-Adresse ein. Neuer Motor: &#8211; VEB IFA Motorenwerke Nordhausen &#8211; 4 VD 14,5\/12-1 SRW 19.11.2017 Neuer Motor: &#8211; Honda &#8211; CB125 K\/Disc 12.11.2017 Neuer Motor: &#8211;\u00a0Deutz &#8211; MAH 914 05.11.2017 &#8211; Neues Schlagwort Tuning f\u00fcr getunte &hellip; <a href=\"https:\/\/motorporn.de\/wordpress\/updates\/\" class=\"more-link\"><span class=\"screen-reader-text\">Updates<\/span> weiterlesen<\/a><\/p>\n","protected":false},"author":1,"featured_media":0,"parent":0,"menu_order":2,"comment_status":"open","ping_status":"closed","template":"","meta":{"footnotes":""},"class_list":["post-85","page","type-page","status-publish","hentry"],"_links":{"self":[{"href":"https:\/\/motorporn.de\/wordpress\/wp-json\/wp\/v2\/pages\/85","targetHints":{"allow":["GET"]}}],"collection":[{"href":"https:\/\/motorporn.de\/wordpress\/wp-json\/wp\/v2\/pages"}],"about":[{"href":"https:\/\/motorporn.de\/wordpress\/wp-json\/wp\/v2\/types\/page"}],"author":[{"embeddable":true,"href":"https:\/\/motorporn.de\/wordpress\/wp-json\/wp\/v2\/users\/1"}],"replies":[{"embeddable":true,"href":"https:\/\/motorporn.de\/wordpress\/wp-json\/wp\/v2\/comments?post=85"}],"version-history":[{"count":92,"href":"https:\/\/motorporn.de\/wordpress\/wp-json\/wp\/v2\/pages\/85\/revisions"}],"predecessor-version":[{"id":826,"href":"https:\/\/motorporn.de\/wordpress\/wp-json\/wp\/v2\/pages\/85\/revisions\/826"}],"wp:attachment":[{"href":"https:\/\/motorporn.de\/wordpress\/wp-json\/wp\/v2\/media?parent=85"}],"curies":[{"name":"wp","href":"https:\/\/api.w.org\/{rel}","templated":true}]}}