{"id":80,"date":"2014-07-30T11:13:24","date_gmt":"2014-07-30T11:13:24","guid":{"rendered":"http:\/\/motorporn.de\/wordpress\/?page_id=80"},"modified":"2015-12-25T16:58:34","modified_gmt":"2015-12-25T15:58:34","slug":"kann-ich-helfen","status":"publish","type":"page","link":"https:\/\/motorporn.de\/wordpress\/kann-ich-helfen\/","title":{"rendered":"kann ich helfen?"},"content":{"rendered":"<p style=\"text-align: left;\">Wer sich beteiligen m\u00f6chte, darf dies selbstverst\u00e4ndlich tun.<\/p>\n<p style=\"text-align: left;\">F\u00fcr Neueintr\u00e4ge sind die technischen Basisdaten (Hersteller &amp; Motorbezeichnung, Zylinderanzahl, Bauart, Kraftstofftyp, Gemischaufbereitung, max KW\/PS, max. Drehmoment, K\u00fchlsystem) relevant. Erg\u00e4nzende Informationen wie Bauzeit, St\u00fcckzahl, verbaute Fahrzeuge, Bilder, Videos oder Soundfiles w\u00e4ren super, sind aber nicht zwingend erforderlich.<\/p>\n<p style=\"text-align: left;\">Solltest Du zu einem bereits vorgestellten Motor erg\u00e4nzende Informationen, Bilder oder Videos\/Soundfiles haben, die Du uns zur Verf\u00fcgung stellen m\u00f6chtest, darfst Du die uns unter der Angabe, zu welchem Motor sie geh\u00f6ren, gerne zusenden.<\/p>\n<p style=\"text-align: left;\"><strong>Wichtig:<\/strong> Bitte nur <span style=\"text-decoration: underline;\"><strong>selbst<\/strong><\/span> erstellte Bilder, Videos und Soundfiles. Wir m\u00f6chten \u00c4rger wegen Urheberrechtsverletzungen vermeiden!<\/p>\n<p style=\"text-align: left;\">Kommentare sind m\u00f6glich und ausdr\u00fccklich erw\u00fcnscht &#8211; selbstverst\u00e4ndlich darf man auch bei Motoren, die einem gefallen, auf &#8222;Like&#8220; klicken oder sie in FB und anderen Netzwerken teilen. Diese Funktionen wurden schliesslich integriert, um euch die M\u00f6glichkeit zum Feedback zu geben.<\/p>\n<p style=\"text-align: left;\">Bitte achtet darauf, das die angegebene eMail-Adresse auch erreichbar ist, da wir sonst keine M\u00f6glichkeit haben euch bei evtl. R\u00fcckfragen zu kontaktieren<\/p>\n<p style=\"text-align: left;\">\n<div class=\"wpcf7 no-js\" id=\"wpcf7-f216-o1\" lang=\"de-DE\" dir=\"ltr\" data-wpcf7-id=\"216\">\n<div class=\"screen-reader-response\"><p role=\"status\" aria-live=\"polite\" aria-atomic=\"true\"><\/p> <ul><\/ul><\/div>\n<form action=\"\/wordpress\/wp-json\/wp\/v2\/pages\/80#wpcf7-f216-o1\" method=\"post\" class=\"wpcf7-form init\" aria-label=\"Kontaktformular\" enctype=\"multipart\/form-data\" novalidate=\"novalidate\" data-status=\"init\">\n<fieldset class=\"hidden-fields-container\"><input type=\"hidden\" name=\"_wpcf7\" value=\"216\" \/><input type=\"hidden\" name=\"_wpcf7_version\" value=\"6.1.5\" \/><input type=\"hidden\" name=\"_wpcf7_locale\" value=\"de_DE\" \/><input type=\"hidden\" name=\"_wpcf7_unit_tag\" value=\"wpcf7-f216-o1\" \/><input type=\"hidden\" name=\"_wpcf7_container_post\" value=\"0\" \/><input type=\"hidden\" name=\"_wpcf7_posted_data_hash\" value=\"\" \/>\n<\/fieldset>\n<p><b>Dein Name (Pflichtfeld)<\/b>\n<\/p>\n<p><span class=\"wpcf7-form-control-wrap\" data-name=\"your-name\"><input size=\"40\" maxlength=\"400\" class=\"wpcf7-form-control wpcf7-text wpcf7-validates-as-required\" aria-required=\"true\" aria-invalid=\"false\" value=\"\" type=\"text\" name=\"your-name\" \/><\/span>\n<\/p>\n<p><b>Deine E-Mail-Adresse (Pflichtfeld)<\/b>\n<\/p>\n<p><span class=\"wpcf7-form-control-wrap\" data-name=\"your-email\"><input size=\"40\" maxlength=\"400\" class=\"wpcf7-form-control wpcf7-email wpcf7-validates-as-required wpcf7-text wpcf7-validates-as-email\" aria-required=\"true\" aria-invalid=\"false\" value=\"\" type=\"email\" name=\"your-email\" \/><\/span>\n<\/p>\n<p><b>Hersteller\/Typ (Pflichtfeld)<\/b>\n<\/p>\n<p><span class=\"wpcf7-form-control-wrap\" data-name=\"HerstellerTyp\"><input size=\"40\" maxlength=\"400\" class=\"wpcf7-form-control wpcf7-text wpcf7-validates-as-required\" aria-required=\"true\" aria-invalid=\"false\" value=\"\" type=\"text\" name=\"HerstellerTyp\" \/><\/span>\n<\/p>\n<p><b>Hubraum (Bohrung & Hub)<\/b>\n<\/p>\n<p><span class=\"wpcf7-form-control-wrap\" data-name=\"Hubraum\"><input size=\"40\" maxlength=\"400\" class=\"wpcf7-form-control wpcf7-text\" aria-invalid=\"false\" value=\"\" type=\"text\" name=\"Hubraum\" \/><\/span>\n<\/p>\n<p><b>Zylinder (Anordnung)<\/b>\n<\/p>\n<p><span class=\"wpcf7-form-control-wrap\" data-name=\"Zylinder\"><input size=\"40\" maxlength=\"400\" class=\"wpcf7-form-control wpcf7-text\" aria-invalid=\"false\" value=\"\" type=\"text\" name=\"Zylinder\" \/><\/span>\n<\/p>\n<p><b>Kraftstoffart \/ Oktanzahl<\/b>\n<\/p>\n<p><span class=\"wpcf7-form-control-wrap\" data-name=\"Kraftstoffart\"><input size=\"40\" maxlength=\"400\" class=\"wpcf7-form-control wpcf7-text\" aria-invalid=\"false\" value=\"\" type=\"text\" name=\"Kraftstoffart\" \/><\/span>\n<\/p>\n<p><b>Gemischaufbereitung \/ Typ<\/b>\n<\/p>\n<p><span class=\"wpcf7-form-control-wrap\" data-name=\"Gemischaufbereitung\"><input size=\"40\" maxlength=\"400\" class=\"wpcf7-form-control wpcf7-text\" aria-invalid=\"false\" value=\"\" type=\"text\" name=\"Gemischaufbereitung\" \/><\/span>\n<\/p>\n<p><b>Leistung in PS (KW) bei XXXX U\/min<\/b>\n<\/p>\n<p><span class=\"wpcf7-form-control-wrap\" data-name=\"Leistung\"><input size=\"40\" maxlength=\"400\" class=\"wpcf7-form-control wpcf7-text\" aria-invalid=\"false\" value=\"\" type=\"text\" name=\"Leistung\" \/><\/span>\n<\/p>\n<p><b>Drehmoment in NM bei XXXX U\/min<\/b>\n<\/p>\n<p><span class=\"wpcf7-form-control-wrap\" data-name=\"Drehmoment\"><input size=\"40\" maxlength=\"400\" class=\"wpcf7-form-control wpcf7-text\" aria-invalid=\"false\" value=\"\" type=\"text\" name=\"Drehmoment\" \/><\/span>\n<\/p>\n<p><b>K\u00fchlmittel \/ System<\/b>\n<\/p>\n<p><span class=\"wpcf7-form-control-wrap\" data-name=\"Kuehlmittel\"><input size=\"40\" maxlength=\"400\" class=\"wpcf7-form-control wpcf7-text\" aria-invalid=\"false\" value=\"\" type=\"text\" name=\"Kuehlmittel\" \/><\/span>\n<\/p>\n<p><b>Bauzeit<\/b>\n<\/p>\n<p><span class=\"wpcf7-form-control-wrap\" data-name=\"Bauzeit\"><input size=\"40\" maxlength=\"400\" class=\"wpcf7-form-control wpcf7-text\" aria-invalid=\"false\" value=\"\" type=\"text\" name=\"Bauzeit\" \/><\/span>\n<\/p>\n<p><b>St\u00fcckzahl<\/b>\n<\/p>\n<p><span class=\"wpcf7-form-control-wrap\" data-name=\"Stueckzahl\"><input size=\"40\" maxlength=\"400\" class=\"wpcf7-form-control wpcf7-text\" aria-invalid=\"false\" value=\"\" type=\"text\" name=\"Stueckzahl\" \/><\/span>\n<\/p>\n<p><b>Hier kannst Du deinen Namen, eMail-Adresse oder Web-Adresse eintragen, wenn Du m\u00f6chtest, das wir Dich als Einsender im Eintrag benennen sollen<\/b>\n<\/p>\n<p><span class=\"wpcf7-form-control-wrap\" data-name=\"Einsender\"><input size=\"40\" maxlength=\"400\" class=\"wpcf7-form-control wpcf7-text\" aria-invalid=\"false\" value=\"\" type=\"text\" name=\"Einsender\" \/><\/span>\n<\/p>\n<p><b>zus\u00e4tzliche Informationen<\/b>\n<\/p>\n<p><span class=\"wpcf7-form-control-wrap\" data-name=\"zuInfos\"><textarea cols=\"40\" rows=\"10\" maxlength=\"2000\" class=\"wpcf7-form-control wpcf7-textarea\" aria-invalid=\"false\" name=\"zuInfos\"><\/textarea><\/span>\n<\/p>\n<p><b>Bilder-, Video und\/oder Sounddateien anh\u00e4ngen<\/b>\n<\/p>\n<p>Datei 1 :<span class=\"wpcf7-form-control-wrap\" data-name=\"BilderVideoshochladen1\"><input size=\"40\" class=\"wpcf7-form-control wpcf7-file\" accept=\"audio\/*,video\/*,image\/*\" aria-invalid=\"false\" type=\"file\" name=\"BilderVideoshochladen1\" \/><\/span>\n<\/p>\n<p>Datei 2 :<span class=\"wpcf7-form-control-wrap\" data-name=\"BilderVideoshochladen2\"><input size=\"40\" class=\"wpcf7-form-control wpcf7-file\" accept=\"audio\/*,video\/*,image\/*\" aria-invalid=\"false\" type=\"file\" name=\"BilderVideoshochladen2\" \/><\/span>\n<\/p>\n<p>Datei 3 :<span class=\"wpcf7-form-control-wrap\" data-name=\"BilderVideoshochladen3\"><input size=\"40\" class=\"wpcf7-form-control wpcf7-file\" accept=\"audio\/*,video\/*,image\/*\" aria-invalid=\"false\" type=\"file\" name=\"BilderVideoshochladen3\" \/><\/span>\n<\/p>\n<p>Datei 4 :<span class=\"wpcf7-form-control-wrap\" data-name=\"BilderVideoshochladen4\"><input size=\"40\" class=\"wpcf7-form-control wpcf7-file\" accept=\"audio\/*,video\/*,image\/*\" aria-invalid=\"false\" type=\"file\" name=\"BilderVideoshochladen4\" \/><\/span>\n<\/p>\n<p>Datei 5 :<span class=\"wpcf7-form-control-wrap\" data-name=\"BilderVideoshochladen5\"><input size=\"40\" class=\"wpcf7-form-control wpcf7-file\" accept=\"audio\/*,video\/*,image\/*\" aria-invalid=\"false\" type=\"file\" name=\"BilderVideoshochladen5\" \/><\/span>\n<\/p>\n<p><span class=\"wpcf7-form-control-wrap\" data-name=\"acceptance-81\"><span class=\"wpcf7-form-control wpcf7-acceptance\"><span class=\"wpcf7-list-item\"><input type=\"checkbox\" name=\"acceptance-81\" value=\"1\" checked=\"checked\" aria-invalid=\"false\" \/><\/span><\/span><\/span> Ich best\u00e4tige, das diese Bild-, Video- und\/oder Sounddateien von mir erstellt wurden und somit keinem Copright Dritter unterliegen. Mit dem Hochladen dieser Dateien bin ich einverstanden damit, das diese Dateien im Rahmen der Seite MotorPorn. de verwendet werden. Dies beeinhaltet bei Videodateien auch die Ver\u00f6ffentlichung auf der Plattform YouTube, die Grundvoraussetzung f\u00fcr das Einbinden von Videos in die Seite ist.\n<\/p>\n<p><input class=\"wpcf7-form-control wpcf7-submit has-spinner\" type=\"submit\" value=\"Senden\" \/>\n<\/p>\n\n\n<p style=\"display: none !important;\" class=\"akismet-fields-container\" data-prefix=\"_wpcf7_ak_\"><label>&#916;<textarea name=\"_wpcf7_ak_hp_textarea\" cols=\"45\" rows=\"8\" maxlength=\"100\"><\/textarea><\/label><input type=\"hidden\" id=\"ak_js_1\" name=\"_wpcf7_ak_js\" value=\"238\"\/><script>document.getElementById( \"ak_js_1\" ).setAttribute( \"value\", ( new Date() ).getTime() );<\/script><\/p><div class=\"wpcf7-response-output\" aria-hidden=\"true\"><\/div>\n<\/form>\n<\/div>\n<\/p>\n<p style=\"text-align: left;\"><strong>Sollte das Formular nicht funktionieren k\u00f6nnt ihr uns auch eine eMail an <a href=\"mailto:redaktion@motorporn.de\">redaktion@motorporn.de<\/a> mit den Daten schicken.<\/strong><\/p>\n","protected":false},"excerpt":{"rendered":"<p>Wer sich beteiligen m\u00f6chte, darf dies selbstverst\u00e4ndlich tun. F\u00fcr Neueintr\u00e4ge sind die technischen Basisdaten (Hersteller &amp; Motorbezeichnung, Zylinderanzahl, Bauart, Kraftstofftyp, Gemischaufbereitung, max KW\/PS, max. Drehmoment, K\u00fchlsystem) relevant. Erg\u00e4nzende Informationen wie Bauzeit, St\u00fcckzahl, verbaute Fahrzeuge, Bilder, Videos oder Soundfiles w\u00e4ren super, sind aber nicht zwingend erforderlich. Solltest Du zu einem bereits vorgestellten Motor erg\u00e4nzende Informationen, Bilder oder Videos\/Soundfiles haben, die Du uns zur Verf\u00fcgung stellen m\u00f6chtest, darfst Du die uns unter der Angabe, zu welchem Motor sie geh\u00f6ren, gerne zusenden. Wichtig: Bitte nur selbst erstellte Bilder, Videos und Soundfiles. Wir m\u00f6chten \u00c4rger wegen Urheberrechtsverletzungen vermeiden! Kommentare sind m\u00f6glich und ausdr\u00fccklich erw\u00fcnscht &#8211; selbstverst\u00e4ndlich darf man auch bei Motoren, die einem gefallen, &hellip; <a href=\"https:\/\/motorporn.de\/wordpress\/kann-ich-helfen\/\" class=\"more-link\"><span class=\"screen-reader-text\">kann ich helfen?<\/span> weiterlesen<\/a><\/p>\n","protected":false},"author":1,"featured_media":0,"parent":0,"menu_order":4,"comment_status":"open","ping_status":"closed","template":"","meta":{"footnotes":""},"class_list":["post-80","page","type-page","status-publish","hentry"],"_links":{"self":[{"href":"https:\/\/motorporn.de\/wordpress\/wp-json\/wp\/v2\/pages\/80","targetHints":{"allow":["GET"]}}],"collection":[{"href":"https:\/\/motorporn.de\/wordpress\/wp-json\/wp\/v2\/pages"}],"about":[{"href":"https:\/\/motorporn.de\/wordpress\/wp-json\/wp\/v2\/types\/page"}],"author":[{"embeddable":true,"href":"https:\/\/motorporn.de\/wordpress\/wp-json\/wp\/v2\/users\/1"}],"replies":[{"embeddable":true,"href":"https:\/\/motorporn.de\/wordpress\/wp-json\/wp\/v2\/comments?post=80"}],"version-history":[{"count":7,"href":"https:\/\/motorporn.de\/wordpress\/wp-json\/wp\/v2\/pages\/80\/revisions"}],"predecessor-version":[{"id":418,"href":"https:\/\/motorporn.de\/wordpress\/wp-json\/wp\/v2\/pages\/80\/revisions\/418"}],"wp:attachment":[{"href":"https:\/\/motorporn.de\/wordpress\/wp-json\/wp\/v2\/media?parent=80"}],"curies":[{"name":"wp","href":"https:\/\/api.w.org\/{rel}","templated":true}]}}